{"id":8,"date":"2024-10-17T08:19:03","date_gmt":"2024-10-17T08:19:03","guid":{"rendered":"https:\/\/umuterenerdogdu.com\/?page_id=8"},"modified":"2024-10-22T14:42:36","modified_gmt":"2024-10-22T14:42:36","slug":"hakkinda","status":"publish","type":"page","link":"https:\/\/umuterenerdogdu.com\/?page_id=8","title":{"rendered":"Hakk\u0131nda"},"content":{"rendered":"<p style=\"font-weight: 400;\"><em>Do\u00e7. Dr. Umut Eren Erdo\u011fdu<\/em>, 2001 y\u0131l\u0131nda Ege \u00dcniversitesi T\u0131p Fak\u00fcltesinden mezun olmu\u015ftur. 2002 y\u0131l\u0131nda \u0130zmir Tepecik E\u011fitim Ara\u015ft\u0131rma Hastanesi 3. Cerrahi klini\u011finde uzmanl\u0131k e\u011fitimine ba\u015flayan Umut Eren Erdo\u011fdu, ihtisas\u0131 boyunca genel cerrahi yan\u0131nda transplantasyon klini\u011finde aktif rol alm\u0131\u015ft\u0131r. 2014-2020 y\u0131llar\u0131 aras\u0131 Sa\u011fl\u0131k Bakanl\u0131\u011f\u0131na ba\u011fl\u0131 Bursa Y\u00fcksek \u0130htisas E\u011fitim ve Ara\u015ft\u0131rma Hastanesinde \u00e7al\u0131\u015fm\u0131\u015f, bu s\u00fcre boyunca ileri seviyede laparoskopik cerrahi ve obezite operasyonlar\u0131 yapm\u0131\u015ft\u0131r, \u00e7ok say\u0131da asistan doktorun e\u011fitiminde aktif rol alm\u0131\u015ft\u0131r. 2020 Aral\u0131k ay\u0131ndan itibaren Do\u00e7entlik \u00dcnvan\u0131n\u0131 alm\u0131\u015f olup, halen kendi muayenehanesinde hastalar\u0131na hizmet etmektedir.<\/p>\n<h2>E\u011fitim Bilgileri<\/h2>\n<p><strong>1984-1989<\/strong>\u00a0Mehmet\u00e7ik \u0130lkokulu<\/p>\n<p><strong>1989-1992<\/strong>\u00a0Kar\u015f\u0131yaka \u015eube Ortaokulu<\/p>\n<p><strong>1992-1995\u00a0<\/strong>\u0130zmir Atat\u00fcrk Lisesi<\/p>\n<p><strong>1995-2001\u00a0<\/strong>Ege \u00dcniversitesi T\u0131p Fak\u00fcltesi<\/p>\n<p><strong>2002-2007\u00a0<\/strong>Tepecik SSK E\u011fitim Hastanesi 3. Genel Cerrahi Klini\u011fi<\/p>\n<h2>Kat\u0131ld\u0131\u011f\u0131 Etkinlikler<\/h2>\n<p><strong>ULUSLARARASI KONGRE SUNUMLARI<\/strong><\/p>\n<ol>\n<li><u>Umut Eren Erdo\u011fdu<\/u>, Hac\u0131 Murat \u00c7ayc\u0131, Yurdakul Deniz F\u0131rat, Kerem Karaman, G\u00f6zde Do\u011fan.Importance of preoperative hematologic parameters in patients who underwent resection due to colorectal cancer. 14. Euroasian Congress of Gastroenterology And Surgery, 27 April-01 May 2016, Antalya<\/li>\n<li>Hac\u0131 Murat \u00c7ayc\u0131,<u>Umut Eren Erdo\u011fdu<\/u>, Yurdakul Deniz F\u0131rat, Kerem Karaman, Muhammet Do\u011fang\u00fcn. Colorectal surgery in octogenarian patients: is it safe?. 14. Euroasian Congress of Gastroenterology And Surgery, 27 April-01 May 2016, Antalya<\/li>\n<li>Hac\u0131 Murat \u00c7ayc\u0131,\u00a0<u>Umut Eren Erdo\u011fdu<\/u>, Yurdakul Deniz F\u0131rat, Do\u011fan Fak\u0131o\u011flu, Harun S\u0131r, H\u00fcseyin Ayhan Kayao\u011flu.\u00a0\u00a0Our thoracolaparoscopic esophagectomy experiences in esophageal cancer. 14. Euroasian Congress of Gastroenterology And Surgery, 27 April-01 May 2016, Antalya<\/li>\n<li>Hac\u0131 Murat \u00c7ayc\u0131,\u00a0<u>Umut Eren Erdo\u011fdu<\/u>, Evren Dilekta\u015fl\u0131, Mehmet Emrah Bayam, Hasan \u00c7antay, H\u00fcseyin Ayhan Kayao\u011flu.\u00a0\u00a0Our laparoscopic pancreatoduodenectomy experiences in pancreas cancer. 14. Euroasian Congress of Gastroenterology And Surgery, 27 April-01 May 2016, Antalya<\/li>\n<li>Hac\u0131 Murat \u00c7ayc\u0131, <u>Umut Eren Erdo\u011fdu<\/u>, Hasan \u00c7antay, G\u00f6zde Do\u011fan. Early results on laparoscopic sleeve gastrectomy and intra-gastric balloon placement in morbid obese patients. 1<sup>st\u00a0<\/sup>Euroasian Gastroenterological Association Symposium, 5-8 Nisan 2017, Antalya<\/li>\n<li><u>Umut Eren Erdo\u011fdu<\/u>, Hac\u0131 Murat \u00c7ayc\u0131, Hasan \u00c7antay, G\u00f6zde Do\u011fan, The effect of resection method on the outcome in colorectal cancers: Is conversion matter?. 1<sup>st\u00a0<\/sup>Euroasian Gastroenterological Association Symposium, 5-8 Nisan 2017, Antalya<\/li>\n<li><u>Umut Eren Erdo\u011fdu<\/u>, Hac\u0131 Murat \u00c7ayc\u0131, Hakan Demirci. Laparoscopic sleeve gastrectomy is more effective in patients with puberty onset obesity. 5th National 3rd\u00a0 Mediterranean Congress fort the Surgery of Obesity and Metabolic Disorders, 12-15 October 2017, Antalya.,<\/li>\n<li><u>Umut Eren Erdo\u011fdu.<\/u> Tuz T\u00fcketimi ve Helicobacter Pylori Enfeksiyonu OP-75 4.Uluslararas\u0131 Sa\u011fl\u0131k Bilimleri ve Aile Hekimli\u011fi Kongresi, 7-9 \u015eubat 2019, \u0130zmir<\/li>\n<li><u>Umut Eren Erdo\u011fdu.<\/u>\u00a0Bariyatrik Cerrahi \u00d6ncesi Comorbidite: Postoperatif Klinik \u00d6nemi Var m\u0131? OP-75 5.Uluslararas\u0131 Sa\u011fl\u0131k Bilimleri ve Aile Hekimli\u011fi Kongresi, 6-8 \u015eubat 2019, \u0130zmir<\/li>\n<\/ol>\n<p>&nbsp;<\/p>\n<p><strong>ULUSAL KONGRE SUNUMLARI<\/strong><\/p>\n<ol>\n<li>S Ka\u00e7ar,A G\u00fcrkan , B \u00d6zdemir,<em><u>U Erdo\u011fdu<\/u><\/em>, S Sel\u00e7uk, N Zalluho\u011flu. Safra yollar\u0131 yaralanmalar\u0131 tedavisi sonu\u00e7lar\u0131m\u0131z. Ulusal Cerrahi Kongresi 26-30 May\u0131s 2004, Antalya<\/li>\n<li>Hac\u0131 Murat \u00c7ayc\u0131, <u>Umut Eren Erdo\u011fdu<\/u>, Evren Dilekta\u015fl\u0131, Hasan \u00c7antay, Muhammed Do\u011fang\u00fcn, H\u00fcseyin Ayhan Kayao\u011flu. Laparoskopik Distal Pankreatektomi operasyon sonu\u00e7lar\u0131m\u0131z. 13. Ulusal Endoskopik Laparoskopik Cerrahi Kongresi, 19-22 Nisan, 2017, Antalya<\/li>\n<li>Al\u0131\u0307 Tardu, Hac\u0131 Murat C\u0327ayc\u0131, <u>Umut Eren Erdog\u0306du,<\/u> Zel\u0131\u0307ha Tu\u0308rky\u0131lmaz , Gu\u0308rhan C\u0327el\u0131\u0307k , Makbule El\u0131\u0307f Y\u0131lmaz. Does Propofol Sedat\u0131on Increase The Cecal Intubat\u0131on Rate In Colonoscopy?. SS58..14. Endoskopik Laparoskopik Cerrahi Kongresi join with Mediterranean &amp; Middle Eastern Endoskopic Surgery assocation, 19-22 Nisan, 2019, K\u0131br\u0131s.<\/li>\n<li><u>Umut Eren Erdog\u0306du.<\/u> An Unexpected Finding In Bariatric Surgery: Intestinal Ectopic Pancreas SS42. 14. Endoskopik Laparoskopik Cerrahi Kongresi join with Mediterranean &amp; Middle Eastern Endoskopic Surgery assocation, 19-22 Nisan, 2019, K\u0131br\u0131s.<\/li>\n<li><u>Umut Eren Erdog\u0306du<\/u>. Bariatrik Cerrahi Y\u00f6ntemler ve Kolelitiazis Geli\u015fimi,2.Ulusal Gastrointestinal Ara\u015ft\u0131rma Kongresi, 21-22 Eyl\u00fcl 2018, Malatya<\/li>\n<\/ol>\n<h2>Kat\u0131ld\u0131\u011f\u0131 E\u011fitimler<\/h2>\n<ol>\n<li>Abdominal Transplantation-Washington University Medical Center-Mart-Haziran\/2011 Saint Louis -USA<\/li>\n<li>F\u0131t\u0131k Okulu-Kar\u0131n Duvar\u0131 ve Kas\u0131k F\u0131t\u0131klar\u0131nda Laparoskopik Cerrahi-Kas\u0131m 2014\/\u0130zmir<\/li>\n<li>Bariatric Surgery Master Class- Kas\u0131m 2014 \/ \u0130stanbul<\/li>\n<li>Laparoskopik Bariatrik Cerrahi Kursu- Mart 2016\/\u0130stanbul<\/li>\n<li>Cerrahpa\u015fa Cerrahi Toplant\u0131lar\u0131: Obezite ve Metabolik Hastal\u0131klar Cerrahisi,2. K\u0131\u015f Okulu -Ocak 2017\/ \u0130stanbul<\/li>\n<\/ol>\n<h2>Yay\u0131nlar\u0131<\/h2>\n<ol>\n<li style=\"font-weight: 400;\">A G\u00fcrkan MD, FACS1, S Ka\u00e7ar MD1, U Erdo\u011fdu MD1, Can Var\u0131ls\u00fcha MD1,<\/li>\n<\/ol>\n","protected":false},"excerpt":{"rendered":"<p>Do\u00e7. Dr. Umut Eren Erdo\u011fdu, 2001 y\u0131l\u0131nda Ege \u00dcniversitesi T\u0131p Fak\u00fcltesinden mezun olmu\u015ftur. 2002 y\u0131l\u0131nda \u0130zmir Tepecik E\u011fitim Ara\u015ft\u0131rma Hastanesi 3. Cerrahi klini\u011finde uzmanl\u0131k e\u011fitimine ba\u015flayan Umut Eren Erdo\u011fdu, ihtisas\u0131 boyunca genel cerrahi yan\u0131nda transplantasyon klini\u011finde aktif rol alm\u0131\u015ft\u0131r. 2014-2020 y\u0131llar\u0131 aras\u0131 Sa\u011fl\u0131k Bakanl\u0131\u011f\u0131na ba\u011fl\u0131 Bursa Y\u00fcksek \u0130htisas E\u011fitim ve Ara\u015ft\u0131rma Hastanesinde \u00e7al\u0131\u015fm\u0131\u015f, bu s\u00fcre &hellip;<\/p>\n","protected":false},"author":1,"featured_media":43,"parent":0,"menu_order":0,"comment_status":"closed","ping_status":"closed","template":"","meta":{"footnotes":""},"class_list":["post-8","page","type-page","status-publish","has-post-thumbnail",""],"_links":{"self":[{"href":"https:\/\/umuterenerdogdu.com\/index.php?rest_route=\/wp\/v2\/pages\/8","targetHints":{"allow":["GET"]}}],"collection":[{"href":"https:\/\/umuterenerdogdu.com\/index.php?rest_route=\/wp\/v2\/pages"}],"about":[{"href":"https:\/\/umuterenerdogdu.com\/index.php?rest_route=\/wp\/v2\/types\/page"}],"author":[{"embeddable":true,"href":"https:\/\/umuterenerdogdu.com\/index.php?rest_route=\/wp\/v2\/users\/1"}],"replies":[{"embeddable":true,"href":"https:\/\/umuterenerdogdu.com\/index.php?rest_route=%2Fwp%2Fv2%2Fcomments&post=8"}],"version-history":[{"count":1,"href":"https:\/\/umuterenerdogdu.com\/index.php?rest_route=\/wp\/v2\/pages\/8\/revisions"}],"predecessor-version":[{"id":9,"href":"https:\/\/umuterenerdogdu.com\/index.php?rest_route=\/wp\/v2\/pages\/8\/revisions\/9"}],"wp:featuredmedia":[{"embeddable":true,"href":"https:\/\/umuterenerdogdu.com\/index.php?rest_route=\/wp\/v2\/media\/43"}],"wp:attachment":[{"href":"https:\/\/umuterenerdogdu.com\/index.php?rest_route=%2Fwp%2Fv2%2Fmedia&parent=8"}],"curies":[{"name":"wp","href":"https:\/\/api.w.org\/{rel}","templated":true}]}}